{"id":10,"date":"2023-06-11T11:31:39","date_gmt":"2023-06-11T09:31:39","guid":{"rendered":"http:\/\/wildgeese.fr\/?page_id=10"},"modified":"2026-04-05T18:51:27","modified_gmt":"2026-04-05T16:51:27","slug":"accueil","status":"publish","type":"page","link":"https:\/\/wildgeese.fr\/","title":{"rendered":"Accueil"},"content":{"rendered":"\n<p>Bienvenue \u00e0 toutes et tous.<\/p>\n\n\n\n<p class=\"has-text-align-center\"><\/p>\n\n\n\n<p><\/p>\n\n\n\n<p class=\"has-text-align-center\"><\/p>\n\n\n\n<p class=\"has-text-align-center\">Wild Geese, groupe de musique traditionnelle irlandaise, existe depuis plus de 30 ans. C\u2019est un record de long\u00e9vit\u00e9 pour un groupe amateur de la r\u00e9gion. Il est vrai que la musique irlandaise fait le bonheur de tous ceux qui l\u2019\u00e9coutent quelque soit leur \u00e2ge.<br>Chaque concert des Wild Geese est un voyage au travers le monde gr\u00e2ce aux r\u00e9cits de tous ces Irlandais qui partaient \u00e0 la recherche de vie meilleure dans les pays europ\u00e9ens et am\u00e9ricains.<br>La musique irlandaise, tant\u00f4t gaie et rythm\u00e9e, tant\u00f4t m\u00e9lancolique, a toujours gard\u00e9 une grande affection aupr\u00e8s d\u2019un large public. Elle n\u2019est pas une mode \u00e9ph\u00e9m\u00e8re, elle traverse l\u2019histoire avec une forte symbolique de culture attach\u00e9e \u00e0 un peuple fort et attachant.<\/p>\n\n\n\n<p><strong>Pages mises \u00e0 jour <\/strong>:<\/p>\n\n\n\n<ul class=\"wp-block-list\">\n<li>Prochaine mise \u00e0 jour plus tard en  avril 2026 : suite articl e<\/li>\n\n\n\n<li>Nouvel <a href=\"https:\/\/wildgeese.fr\/index.php\/2026\/04\/05\/genres-et-styles-musicaux\/\" target=\"_blank\" rel=\"noreferrer noopener\">article maj du 5 avril 2026<\/a><\/li>\n\n\n\n<li>Les dates : <a href=\"http:\/\/ildgeese.fr\/index.php\/les-dates\/\" target=\"_blank\" rel=\"noreferrer noopener\">session au 1513 le 28 mars 2026<\/a> <\/li>\n\n\n\n<li>Nouvel article : l<a href=\"https:\/\/wildgeese.fr\/index.php\/2026\/03\/02\/les-percussions-dans-la-musique-traditionnelle-irlandaise\/\" target=\"_blank\" rel=\"noreferrer noopener\">es percussions dans la musique traditionnell<\/a>e irlandaise. (mise \u00e0 jour du 2 mars 2026)<\/li>\n\n\n\n<li>Les dates (mise \u00e0 jour du 28 f\u00e9vrier 2026 ) apout du 20 mars 2026<\/li>\n\n\n\n<li>Les dates (mise \u00e0 jour du 14 f\u00e9vrier 2026) Saint Patrick 17 mars 2026<\/li>\n\n\n\n<li>Article <a href=\"https:\/\/wildgeese.fr\/index.php\/2026\/02\/02\/le-chant-et-la-voix-dans-la-musique-traditionnelle-irlandaise\">Le chant et la voix dans la musique traditionnelle irlandais<\/a>e<\/li>\n\n\n\n<li>Article <a href=\"https:\/\/wildgeese.fr\/index.php\/2026\/01\/05\/les-wild-geese\/\" target=\"_blank\" rel=\"noreferrer noopener\">les Wild Geese<\/a> : mise \u00e0 jour du 5 janvier 2026<\/li>\n\n\n\n<li>Les dates : ajout d&rsquo;informations : mise \u00e0 jour du 4 ao\u00fbt 2025<\/li>\n\n\n\n<li>Les dates : mise \u00e0 jour du 28 juin 2025<\/li>\n\n\n\n<li>les dates : mise \u00e0 jour du 11 mai 2025<\/li>\n\n\n\n<li>les dates : mise \u00e0 jour du 16\/03\/2025<\/li>\n\n\n\n<li>Les dates : mise \u00e0 jour du 11\/012025<\/li>\n\n\n\n<li>Les dates : mise \u00e0 jour du 24\/12\/2024<\/li>\n\n\n\n<li>les dates mise \u00e0 jour du 6\/10\/2024<\/li>\n<\/ul>\n\n\n\n<ul class=\"wp-block-list\">\n<li>Les dates  (5\/05\/2024)<\/li>\n\n\n\n<li>Les dates (1\/02\/2024)<\/li>\n\n\n\n<li>Les dates (16\/12\/2023)<\/li>\n\n\n\n<li>Nos liens (16\/12\/2023)<\/li>\n\n\n\n<li>Article Musique et instruments (16\/12\/2023)<\/li>\n\n\n\n<li>Media disponibles (5\/7\/2023) : l&rsquo;ancienne affiche est supprim\u00e9e<\/li>\n\n\n\n<li>Ajout de la page Politique de confidentialit\u00e9 (5\/7\/2023)<\/li>\n<\/ul>\n\n\n\n<p><\/p>\n\n\n\n<p><\/p>\n","protected":false},"excerpt":{"rendered":"<p>Bienvenue \u00e0 toutes et tous. Wild Geese, groupe de musique traditionnelle irlandaise, existe depuis plus de 30 ans. C\u2019est un record de long\u00e9vit\u00e9 pour un groupe amateur de la r\u00e9gion. Il est vrai que la musique irlandaise fait le bonheur de tous ceux qui l\u2019\u00e9coutent quelque soit leur \u00e2ge.Chaque concert des Wild Geese est un&hellip; <a href=\"https:\/\/wildgeese.fr\/\" class=\"read-more\">Continue reading Accueil<\/a><\/p>\n","protected":false},"author":2,"featured_media":8,"parent":0,"menu_order":0,"comment_status":"closed","ping_status":"closed","template":"","meta":{"footnotes":""},"class_list":["post-10","page","type-page","status-publish","has-post-thumbnail","hentry"],"_links":{"self":[{"href":"https:\/\/wildgeese.fr\/index.php\/wp-json\/wp\/v2\/pages\/10","targetHints":{"allow":["GET"]}}],"collection":[{"href":"https:\/\/wildgeese.fr\/index.php\/wp-json\/wp\/v2\/pages"}],"about":[{"href":"https:\/\/wildgeese.fr\/index.php\/wp-json\/wp\/v2\/types\/page"}],"author":[{"embeddable":true,"href":"https:\/\/wildgeese.fr\/index.php\/wp-json\/wp\/v2\/users\/2"}],"replies":[{"embeddable":true,"href":"https:\/\/wildgeese.fr\/index.php\/wp-json\/wp\/v2\/comments?post=10"}],"version-history":[{"count":33,"href":"https:\/\/wildgeese.fr\/index.php\/wp-json\/wp\/v2\/pages\/10\/revisions"}],"predecessor-version":[{"id":320,"href":"https:\/\/wildgeese.fr\/index.php\/wp-json\/wp\/v2\/pages\/10\/revisions\/320"}],"wp:featuredmedia":[{"embeddable":true,"href":"https:\/\/wildgeese.fr\/index.php\/wp-json\/wp\/v2\/media\/8"}],"wp:attachment":[{"href":"https:\/\/wildgeese.fr\/index.php\/wp-json\/wp\/v2\/media?parent=10"}],"curies":[{"name":"wp","href":"https:\/\/api.w.org\/{rel}","templated":true}]}}